{"id":33,"date":"2023-06-17T10:16:18","date_gmt":"2023-06-17T08:16:18","guid":{"rendered":"https:\/\/oh-mobility.com\/home\/"},"modified":"2025-09-12T11:18:35","modified_gmt":"2025-09-12T09:18:35","slug":"accueil","status":"publish","type":"page","link":"https:\/\/oh-mobility.com\/","title":{"rendered":"Accueil"},"content":{"rendered":"\n\n\n<h2>Expert en Relocation<\/h2>\n\n\n\n\n<p align=\"center\"  style=\"color:#344575;\">Recherche<br>Immobili\u00e8re<\/p>\n\n\n<p align=\"center\"  style=\"color:#344575;\">D\u00e9marches<br>Administratives<\/p>\n\n\n<p align=\"center\"  style=\"color:#344575;\">Installation<br>Facilit\u00e9e<\/p>\n\n\n\n\nNotre p\u00e9rim\u00e8tre d&#8217;activit\u00e9\n\n\n\n\n\n\n\n\n\n\n\n\n\n\n\n\n\n\n\n\n\n\nMontpellier\n\n\n\n\n\n\n\n\n\n\n\n\n\n\n\n\n\n\n\n\n\n\nH\u00e9rault\n\n\n\n\n\n\n\n\n\n\n\n\n\n\n\n\n\n\n\nN\u00eemes\n\n\n\n\n\n\n\n\n\n\n\n\n\n\n\n\n\n\n\nB\u00e9ziers\n\n\n\n\n\n\nPr\u00e9sentation de notre experte\n\n\n\n\n\n<p style=\"color:#d87043;\">La Relocation avec Agata PADLO :<\/p>\n<p>Bonjour !<br>Je suis Agata PADLO, votre guide pour une installation en douceur sur Montpellier et ses environs.<br>J&#8217;interviens \u00e9galement sur les p\u00e9rim\u00e8tres de B\u00e9ziers et N\u00eemes.<\/p><p>Polonaise de naissance et install\u00e9e en France depuis 15 ans, je parle 3 langues pour vous offrir un service professionnel et bienveillant.<br>Ma passion ? Faciliter votre transition vers votre nouvelle vie.<\/p>\n\n\n<p style=\"color:#d87043;\">Votre exp\u00e9rience commence ici :<\/p>\n<p>Que vous soyez une entreprise, un professionnel en d\u00e9placement ou un \u00e9tudiant, je suis l\u00e0 pour vous offrir une exp\u00e9rience de relocation personnalis\u00e9e et adapt\u00e9e \u00e0 vos besoins.<\/p>\n\n\n","protected":false},"excerpt":{"rendered":"","protected":false},"author":1,"featured_media":0,"parent":0,"menu_order":0,"comment_status":"closed","ping_status":"closed","template":"","meta":{"om_disable_all_campaigns":false,"_monsterinsights_skip_tracking":false,"_monsterinsights_sitenote_active":false,"_monsterinsights_sitenote_note":"","_monsterinsights_sitenote_category":0,"footnotes":""},"class_list":["post-33","page","type-page","status-publish","hentry"],"aioseo_notices":[],"_links":{"self":[{"href":"https:\/\/oh-mobility.com\/index.php?rest_route=\/wp\/v2\/pages\/33","targetHints":{"allow":["GET"]}}],"collection":[{"href":"https:\/\/oh-mobility.com\/index.php?rest_route=\/wp\/v2\/pages"}],"about":[{"href":"https:\/\/oh-mobility.com\/index.php?rest_route=\/wp\/v2\/types\/page"}],"author":[{"embeddable":true,"href":"https:\/\/oh-mobility.com\/index.php?rest_route=\/wp\/v2\/users\/1"}],"replies":[{"embeddable":true,"href":"https:\/\/oh-mobility.com\/index.php?rest_route=%2Fwp%2Fv2%2Fcomments&post=33"}],"version-history":[{"count":14,"href":"https:\/\/oh-mobility.com\/index.php?rest_route=\/wp\/v2\/pages\/33\/revisions"}],"predecessor-version":[{"id":277,"href":"https:\/\/oh-mobility.com\/index.php?rest_route=\/wp\/v2\/pages\/33\/revisions\/277"}],"wp:attachment":[{"href":"https:\/\/oh-mobility.com\/index.php?rest_route=%2Fwp%2Fv2%2Fmedia&parent=33"}],"curies":[{"name":"wp","href":"https:\/\/api.w.org\/{rel}","templated":true}]}}